{"id":6,"date":"2016-09-22T12:26:17","date_gmt":"2016-09-22T10:26:17","guid":{"rendered":"http:\/\/le-foyer-normand.fr\/?page_id=6"},"modified":"2018-01-23T15:28:56","modified_gmt":"2018-01-23T14:28:56","slug":"6-2","status":"publish","type":"page","link":"https:\/\/le-foyer-normand.fr\/","title":{"rendered":"Le foyer normand"},"content":{"rendered":"<h2><strong>Pr\u00e9sentation du Foyer Norman\u00a0<img loading=\"lazy\" decoding=\"async\" class=\"alignright size-full wp-image-15\" src=\"https:\/\/le-foyer-normand.fr\/wp-content\/uploads\/2016\/09\/12-1.jpeg.jpg\" alt=\"12-1.jpeg\" width=\"220\" height=\"146\" srcset=\"https:\/\/le-foyer-normand.fr\/wp-content\/uploads\/2016\/09\/12-1.jpeg.jpg 220w, https:\/\/le-foyer-normand.fr\/wp-content\/uploads\/2016\/09\/12-1.jpeg-210x140.jpg 210w\" sizes=\"auto, (max-width: 220px) 100vw, 220px\" \/><\/strong><\/h2>\n<p>Fond\u00e9 en 1929, le Foyer Normand est une soci\u00e9t\u00e9 anonyme d\u2019habitations \u00e0 loyer mod\u00e9r\u00e9, avec comme actionnaire de r\u00e9f\u00e9rence la ville de Colombelles. L\u2019entreprise propose une large gamme de logements, de locaux d\u2019activit\u00e9 ainsi qu\u2019une salle de r\u00e9union disponible en location \u00e0 des prix tr\u00e8s attractifs. Administr\u00e9e par un Conseil d\u2019Administration, elle a \u00e0 ses actifs 1346 logements \u00e0 g\u00e9rer, dont des r\u00e9sidences pour personnes \u00e2g\u00e9es. Malgr\u00e9 les diff\u00e9rentes difficult\u00e9s qu\u2019a rencontr\u00e9 le Foyer Normand au cours de ses plus de 80 ann\u00e9es d\u2019existence, la soci\u00e9t\u00e9 a pu relever son d\u00e9fi d\u2019offrir \u00e0 des prix tr\u00e8s raisonnables des services de location de logements, de locaux d\u2019activit\u00e9 et de salle de r\u00e9union \u00e0 toute personne physique ou morale qui en a besoin. Ces logements sont construits dans nombreuses villes comme Colombelles, Giberville, Fleury sur Orne, Herouville Saint Clair, Potigny, Gouvix, Creully, Saint Sylvain, Honfleur, Lion sur mer, Mittois, et Troarn.<\/p>\n<p>&nbsp;<\/p>\n<h2><strong>Informations g\u00e9n\u00e9rales sur le d\u00e9m\u00e9nagement<\/strong><\/h2>\n<p>D\u00e9m\u00e9nagez efficacement et sans stress en faisant appel \u00e0 un d\u00e9m\u00e9nageur professionnel. Pr\u00e9sent sur le march\u00e9 depuis d\u00e9j\u00e0 plusieurs ann\u00e9es, le sp\u00e9cialiste du demenagement <a href=\"http:\/\/demenageur.com\/demenagement\/\">demenageur.com\/demenagement\/<\/a>\u00a0, dispose de toutes les comp\u00e9tences et d\u2019exp\u00e9rience n\u00e9cessaires pour vous accompagner dans cette \u00e9tape assez difficile. Gr\u00e2ce \u00e0 ses diff\u00e9rentes formules de d\u00e9m\u00e9nagement, tout le monde pourra profiter de ses services de qualit\u00e9s et rapides. Pour en savoir plus sur le co\u00fbt de votre d\u00e9m\u00e9nagement, n\u2019h\u00e9sitez pas \u00e0 demander un devis demenagement <a href=\"http:\/\/demenageur.com\/devis-demenagement\/\">demenageur.com\/devis-demenagement\/<\/a>\u00a0en ligne gratuit. Le d\u00e9m\u00e9nageur <a href=\"http:\/\/demenageur.com\">demenageur.com<\/a>\u00a0pense m\u00eame plus loin en pr\u00e9parant pour vous un garde-meuble en cas d\u2019impr\u00e9vus. Si votre nouvel appartement est trop petit, un garde-meuble sera mis \u00e0 votre disposition pour garder vos mobiliers et vos affaires en toute s\u00e9curit\u00e9. Cette solution de stockage tr\u00e8s \u00e9conomique vous permettra, par exemple, d\u2019\u00e9viter le paiement d\u2019un nouveau loyer en attendant que vous soyez bien install\u00e9.<\/p>\n<p>Demenagement Paris : <a href=\"http:\/\/demenageur.com\/demenagement-paris-75\/\">demenageur.com\/demenagement-paris-75\/<\/a><\/p>\n<h2><strong>Informations g\u00e9n\u00e9rales sur l\u2019assurance vie<\/strong><\/h2>\n<p>Si l\u2019assurance a beau \u00eatre le mode de placement le plus pris\u00e9 des Fran\u00e7ais, ce n\u2019est pas du tout le hasard. Ce type de contrat d\u2019assurance regorge d\u2019avantages, \u00e0 ne parler que de son rendement tr\u00e8s attractif, de sa fiscalit\u00e9 int\u00e9ressante et de son r\u00e9gime sp\u00e9cifique facilitant la transmission du patrimoine. \u00c0 sa survie, l\u2019assur\u00e9 verse, en effet, de mani\u00e8re p\u00e9riodique une cotisation fixe ou variable, selon ses possibilit\u00e9s. \u00c0 l\u2019issue du contrat d\u2019assurance, il per\u00e7oit la somme vers\u00e9e sous forme de capital ou de rente viag\u00e8re. Mais si au cours du contrat il d\u00e9c\u00e8de, c\u2019est son h\u00e9ritier d\u00e9sign\u00e9 dans le contrat qui touche cette somme. Sachez qu\u2019on peut souscrire une assurance vie <a href=\"http:\/\/lassurancevie.fr\">lassurancevie.fr<\/a>\u00a0pour compl\u00e9ter la retraite, pour investir dans la pierre ou pour assurer un avenir meilleur aux proches. Un vaste choix d\u2019offres est disponible sur le march\u00e9. Avant de s\u2019engager, il est important de les comparer pour d\u00e9nicher la perle rare.<\/p>\n<p>&nbsp;<\/p>\n<h2><strong>Informations g\u00e9n\u00e9rales sur les visas pour l\u2019\u00e9tranger<\/strong><\/h2>\n<p>L\u2019entr\u00e9e sur le territoire d\u2019un pays \u00e9tranger est conditionn\u00e9e par l\u2019obtention d\u2019un visa. C\u2019est le document qui vous autorise \u00e0 s\u00e9journer dans une destination. Les formalit\u00e9s de d\u00e9livrance de ce document d\u00e9pendent d\u2019un pays \u00e0 un autre. Pour entrer en Chine, sauf en Hong Kong pour des s\u00e9jours de moins de 90 jours, vous devrez avoir soit un visa chine <a href=\"http:\/\/visachine.fr\">visachine.fr<\/a>\u00a0classique, soit un visa de transit de 72h, soit un visa de transit de 144h. Pour votre voyage en Russie, vous devrez poss\u00e9der un visa russie\u00a0entre les mains, m\u00eame si vous \u00eates ressortissant de l\u2019UE. Les conditions requises pour faire la demande sont \u00e0 consulter sur le site officiel de l\u2019ambassade russe. C\u2019est \u00e9galement le cas pour un s\u00e9jour en Inde. L\u2019obtention d\u2019un visa inde\u00a0est obligatoire pour pouvoir franchir le territoire indien. Par contre, le Vietnam accorde un s\u00e9jour sans visa vietnam\u00a0\u00e0 tous les ressortissants fran\u00e7ais pour des s\u00e9jours de moins de 15 jours. Si vous souhaitez faire une croisi\u00e8re\u00a0vous pouvez avoir besoin d&rsquo;un visa.<\/p>\n<p>Vous retrouverez sur ce site l&rsquo;information n\u00e9cessaire pour vos recherches:\u00a0<a href=\"https:\/\/ledabelle.com\/\">https:\/\/ledabelle.com\/<\/a><\/p>\n","protected":false},"excerpt":{"rendered":"<p>Pr\u00e9sentation du Foyer Norman\u00a0 Fond\u00e9 en 1929, le Foyer Normand est une soci\u00e9t\u00e9 anonyme d\u2019habitations \u00e0 loyer mod\u00e9r\u00e9, avec comme actionnaire de r\u00e9f\u00e9rence la ville de Colombelles. L\u2019entreprise propose une&#8230; <\/p>\n","protected":false},"author":1,"featured_media":0,"parent":0,"menu_order":0,"comment_status":"closed","ping_status":"closed","template":"page-templates\/fullwidth.php","meta":{"footnotes":""},"class_list":["post-6","page","type-page","status-publish","hentry"],"_links":{"self":[{"href":"https:\/\/le-foyer-normand.fr\/index.php\/wp-json\/wp\/v2\/pages\/6","targetHints":{"allow":["GET"]}}],"collection":[{"href":"https:\/\/le-foyer-normand.fr\/index.php\/wp-json\/wp\/v2\/pages"}],"about":[{"href":"https:\/\/le-foyer-normand.fr\/index.php\/wp-json\/wp\/v2\/types\/page"}],"author":[{"embeddable":true,"href":"https:\/\/le-foyer-normand.fr\/index.php\/wp-json\/wp\/v2\/users\/1"}],"replies":[{"embeddable":true,"href":"https:\/\/le-foyer-normand.fr\/index.php\/wp-json\/wp\/v2\/comments?post=6"}],"version-history":[{"count":9,"href":"https:\/\/le-foyer-normand.fr\/index.php\/wp-json\/wp\/v2\/pages\/6\/revisions"}],"predecessor-version":[{"id":19,"href":"https:\/\/le-foyer-normand.fr\/index.php\/wp-json\/wp\/v2\/pages\/6\/revisions\/19"}],"wp:attachment":[{"href":"https:\/\/le-foyer-normand.fr\/index.php\/wp-json\/wp\/v2\/media?parent=6"}],"curies":[{"name":"wp","href":"https:\/\/api.w.org\/{rel}","templated":true}]}}